{"id":10297,"date":"2023-04-12T18:11:47","date_gmt":"2023-04-12T17:11:47","guid":{"rendered":"https:\/\/www.clinicalvor.pt\/dispute-resolution\/"},"modified":"2023-05-13T21:12:58","modified_gmt":"2023-05-13T20:12:58","slug":"dispute-resolution","status":"publish","type":"page","link":"https:\/\/www.clinicalvor.pt\/en\/dispute-resolution\/","title":{"rendered":"Dispute Resolution"},"content":{"rendered":"\t\t<div data-elementor-type=\"wp-page\" data-elementor-id=\"10297\" class=\"elementor elementor-10297 elementor-8176\">\n\t\t\t\t\t\t<section class=\"elementor-section elementor-top-section elementor-element elementor-element-4a3b90e1 elementor-section-boxed elementor-section-height-default elementor-section-height-default\" data-id=\"4a3b90e1\" data-element_type=\"section\">\n\t\t\t\t\t\t<div class=\"elementor-container elementor-column-gap-default\">\n\t\t\t\t\t<div class=\"elementor-column elementor-col-100 elementor-top-column elementor-element elementor-element-2a9241c3\" data-id=\"2a9241c3\" data-element_type=\"column\">\n\t\t\t<div class=\"elementor-widget-wrap elementor-element-populated\">\n\t\t\t\t\t\t<div class=\"elementor-element elementor-element-1b7e59ca elementor-widget elementor-widget-text-editor\" data-id=\"1b7e59ca\" data-element_type=\"widget\" data-widget_type=\"text-editor.default\">\n\t\t\t\t<div class=\"elementor-widget-container\">\n\t\t\t\t\t\t\t\t\t\n<p>You can turn to the following dispute resolution body:<\/p>\n\n<p><strong>CIMAAL &#8211; CENTRO DE INFORMA\u00c7\u00c3O, MEDIA\u00c7\u00c3O E ARBITRAGEM DE CONFLITOS<\/strong><\/p>\n\n<p>Ninho de Empresas, Edif\u00edcio ANJE<br>Estrada da Penha, 3\u00ba Andar, Sala 26<br>8005-131 FARO<\/p>\n\n<p><a href=\"http:\/\/www.consumidoronline.pt\/\" target=\"_blank\" rel=\"noreferrer noopener\">www.consumidoronline.pt<\/a><\/p>\n\n<p>For more information, you can consult the Consumer Portal <a href=\"http:\/\/www.consumidor.pt\/\" target=\"_blank\" rel=\"noreferrer noopener\">www.consumidor.pt<\/a>, contact by email <a href=\"mailto:info@consumoalgarve.pt\" target=\"_blank\" rel=\"noreferrer noopener\">info@consumoalgarve.pt<\/a> or by telephone 289 823 135.<\/p>\n\t\t\t\t\t\t\t\t<\/div>\n\t\t\t\t<\/div>\n\t\t\t\t\t<\/div>\n\t\t<\/div>\n\t\t\t\t\t<\/div>\n\t\t<\/section>\n\t\t\t\t<\/div>\n\t\t","protected":false},"excerpt":{"rendered":"<p>You can turn to the following dispute resolution body: CIMAAL &#8211; CENTRO DE INFORMA\u00c7\u00c3O, MEDIA\u00c7\u00c3O E ARBITRAGEM DE CONFLITOS Ninho de Empresas, Edif\u00edcio ANJEEstrada da Penha, 3\u00ba Andar, Sala 268005-131 FARO www.consumidoronline.pt For more information, you can consult the Consumer Portal www.consumidor.pt, contact by email info@consumoalgarve.pt or by telephone 289 823 135.<\/p>\n","protected":false},"author":1,"featured_media":0,"parent":0,"menu_order":0,"comment_status":"closed","ping_status":"closed","template":"","meta":{"_seopress_robots_primary_cat":"","footnotes":""},"class_list":["post-10297","page","type-page","status-publish","hentry"],"_links":{"self":[{"href":"https:\/\/www.clinicalvor.pt\/en\/wp-json\/wp\/v2\/pages\/10297","targetHints":{"allow":["GET"]}}],"collection":[{"href":"https:\/\/www.clinicalvor.pt\/en\/wp-json\/wp\/v2\/pages"}],"about":[{"href":"https:\/\/www.clinicalvor.pt\/en\/wp-json\/wp\/v2\/types\/page"}],"author":[{"embeddable":true,"href":"https:\/\/www.clinicalvor.pt\/en\/wp-json\/wp\/v2\/users\/1"}],"replies":[{"embeddable":true,"href":"https:\/\/www.clinicalvor.pt\/en\/wp-json\/wp\/v2\/comments?post=10297"}],"version-history":[{"count":1,"href":"https:\/\/www.clinicalvor.pt\/en\/wp-json\/wp\/v2\/pages\/10297\/revisions"}],"predecessor-version":[{"id":10298,"href":"https:\/\/www.clinicalvor.pt\/en\/wp-json\/wp\/v2\/pages\/10297\/revisions\/10298"}],"wp:attachment":[{"href":"https:\/\/www.clinicalvor.pt\/en\/wp-json\/wp\/v2\/media?parent=10297"}],"curies":[{"name":"wp","href":"https:\/\/api.w.org\/{rel}","templated":true}]}}