{"id":10287,"date":"2023-04-13T19:52:08","date_gmt":"2023-04-13T18:52:08","guid":{"rendered":"https:\/\/www.clinicalvor.pt\/team\/"},"modified":"2026-02-02T11:27:38","modified_gmt":"2026-02-02T10:27:38","slug":"team","status":"publish","type":"page","link":"https:\/\/www.clinicalvor.pt\/en\/team\/","title":{"rendered":"Team"},"content":{"rendered":"\t\t<div data-elementor-type=\"wp-page\" data-elementor-id=\"10287\" class=\"elementor elementor-10287 elementor-8266\">\n\t\t\t\t\t\t<section class=\"elementor-section elementor-top-section elementor-element elementor-element-45800d31 elementor-section-boxed elementor-section-height-default elementor-section-height-default\" data-id=\"45800d31\" data-element_type=\"section\">\n\t\t\t\t\t\t<div class=\"elementor-container elementor-column-gap-default\">\n\t\t\t\t\t<div class=\"elementor-column elementor-col-100 elementor-top-column elementor-element elementor-element-4698da75\" data-id=\"4698da75\" data-element_type=\"column\">\n\t\t\t<div class=\"elementor-widget-wrap elementor-element-populated\">\n\t\t\t\t\t\t<section class=\"elementor-section elementor-inner-section elementor-element elementor-element-1ae53085 elementor-section-boxed elementor-section-height-default elementor-section-height-default\" data-id=\"1ae53085\" data-element_type=\"section\">\n\t\t\t\t\t\t<div class=\"elementor-container elementor-column-gap-default\">\n\t\t\t\t\t<div class=\"elementor-column elementor-col-50 elementor-inner-column elementor-element elementor-element-3b5d0a69\" data-id=\"3b5d0a69\" data-element_type=\"column\">\n\t\t\t<div class=\"elementor-widget-wrap elementor-element-populated\">\n\t\t\t\t\t\t<div class=\"elementor-element elementor-element-41445734 elementor-widget elementor-widget-hub_fancy_heading\" data-id=\"41445734\" data-element_type=\"widget\" data-widget_type=\"hub_fancy_heading.default\">\n\t\t\t\t<div class=\"elementor-widget-container\">\n\t\t\t\t\t\n\t\t<div id=\"ld-fancy-heading-69db5b9b5c369\" class=\"ld-fancy-heading pos-rel\">\n\t\t\t<h3 class=\"ld-fh-element d-inline-block pos-rel  elementor-heading-title lqd-highlight-classic lqd-highlight-grow-left h3\"  > Clinicalvor's professionals<\/h3>\t\t<\/div>\n\n\t\t\t\t\t\t<\/div>\n\t\t\t\t<\/div>\n\t\t\t\t\t<\/div>\n\t\t<\/div>\n\t\t\t\t<div class=\"elementor-column elementor-col-50 elementor-inner-column elementor-element elementor-element-c23bfa0\" data-id=\"c23bfa0\" data-element_type=\"column\">\n\t\t\t<div class=\"elementor-widget-wrap elementor-element-populated\">\n\t\t\t\t\t\t<div class=\"elementor-element elementor-element-3ba52347 elementor-widget elementor-widget-hub_fancy_heading\" data-id=\"3ba52347\" data-element_type=\"widget\" data-widget_type=\"hub_fancy_heading.default\">\n\t\t\t\t<div class=\"elementor-widget-container\">\n\t\t\t\t\t\n\t\t<div id=\"ld-fancy-heading-69db5b9b5c82a\" class=\"ld-fancy-heading pos-rel\">\n\t\t\t<h6 class=\"ld-fh-element d-inline-block pos-rel  elementor-heading-title lqd-highlight-classic lqd-highlight-grow-left h6\"  > - meet the team<\/h6>\t\t<\/div>\n\n\t\t\t\t\t\t<\/div>\n\t\t\t\t<\/div>\n\t\t\t\t\t<\/div>\n\t\t<\/div>\n\t\t\t\t\t<\/div>\n\t\t<\/section>\n\t\t\t\t<section class=\"elementor-section elementor-inner-section elementor-element elementor-element-1e29102c elementor-section-boxed elementor-section-height-default elementor-section-height-default\" data-id=\"1e29102c\" data-element_type=\"section\">\n\t\t\t\t\t\t<div class=\"elementor-container elementor-column-gap-default\">\n\t\t\t\t\t<div class=\"elementor-column elementor-col-33 elementor-inner-column elementor-element elementor-element-5bbf7f3d\" data-id=\"5bbf7f3d\" data-element_type=\"column\">\n\t\t\t<div class=\"elementor-widget-wrap elementor-element-populated\">\n\t\t\t\t\t\t<div class=\"elementor-element elementor-element-3d75b48c elementor-widget elementor-widget-ld_team_member\" data-id=\"3d75b48c\" data-element_type=\"widget\" data-widget_type=\"ld_team_member.default\">\n\t\t\t\t<div class=\"elementor-widget-container\">\n\t\t\t\t\t\n\t\t<div class=\"lqd-tm pos-rel lqd-tm-style-6 overflow-hidden\">\n\n\t\t\t\t\t\t\t\t<div class=\"lqd-tm-img pos-rel\">\n\t\t\t\t\t\t<figure>\n\t\t\t\t\t\t\t<img fetchpriority=\"high\" decoding=\"async\" width=\"800\" height=\"1000\" src=\"https:\/\/www.clinicalvor.pt\/wp-content\/uploads\/2024\/07\/dra-paloma-rios.jpg\" class=\"w-100\" alt=\"Dr. Paloma Rios\" srcset=\"https:\/\/www.clinicalvor.pt\/wp-content\/uploads\/2024\/07\/dra-paloma-rios.jpg 800w, https:\/\/www.clinicalvor.pt\/wp-content\/uploads\/2024\/07\/dra-paloma-rios-240x300.jpg 240w\" sizes=\"(max-width: 800px) 100vw, 800px\" \/>\t\t\t\t\t\t<\/figure>\n\t\t\t\t\t<\/div>\n\t\t\t\t\t\t\n\t\t\t\t\t<div class=\"lqd-tm-details d-flex lqd-overlay align-items-end\">\n\t\t\t\t\t\t<div class=\"lqd-tm-details-inner d-flex align-items-end justify-content-between w-100 p-5\">\n\t\t\t\t\t\t\t<div class=\"d-flex text-vertical align-items-center\">\n\t\t\t\t\t\t\t\t<h3 class=\"mt-0 mb-2\">Dr. Paloma Rios<\/h3>\n\t\t\t\t\t\t\t\t<h6 class=\"mt-0 mb-0\">Dir. Clinic<\/h6>\n\t\t\t\t\t\t\t<\/div>\n\t\t\t\t\t\t\t<div class=\"lqd-tm-details-icon ms-auto\">\n\t\t\t\t\t\t\t\t<i class=\"lqd-icn-ess icon-md-arrow-forward\"><\/i>\n\t\t\t\t\t\t\t<\/div>\n\t\t\t\t\t\t<\/div>\n\t\t\t\t\t<\/div>\n\t\t\t\t\t\t\t\t\t\t\t<a href=\"#\" target=\"_blank\" rel=\"nofollow\" class=\"lqd-overlay\"><\/a>\n\t\t\t\t\t\t\t\t\t\n\t\t<\/div>\n\n\t\t\t\t\t\t<\/div>\n\t\t\t\t<\/div>\n\t\t\t\t\t<\/div>\n\t\t<\/div>\n\t\t\t\t<div class=\"elementor-column elementor-col-33 elementor-inner-column elementor-element elementor-element-4631372e\" data-id=\"4631372e\" data-element_type=\"column\">\n\t\t\t<div class=\"elementor-widget-wrap elementor-element-populated\">\n\t\t\t\t\t\t<div class=\"elementor-element elementor-element-be5de1c elementor-widget elementor-widget-ld_team_member\" data-id=\"be5de1c\" data-element_type=\"widget\" data-widget_type=\"ld_team_member.default\">\n\t\t\t\t<div class=\"elementor-widget-container\">\n\t\t\t\t\t\n\t\t<div class=\"lqd-tm pos-rel lqd-tm-style-6 overflow-hidden\">\n\n\t\t\t\t\t\t\t\t<div class=\"lqd-tm-img pos-rel\">\n\t\t\t\t\t\t<figure>\n\t\t\t\t\t\t\t<img decoding=\"async\" width=\"800\" height=\"1000\" src=\"https:\/\/www.clinicalvor.pt\/wp-content\/uploads\/2024\/07\/helder.jpg\" class=\"w-100\" alt=\"H\u00e9lder Alves\" srcset=\"https:\/\/www.clinicalvor.pt\/wp-content\/uploads\/2024\/07\/helder.jpg 800w, https:\/\/www.clinicalvor.pt\/wp-content\/uploads\/2024\/07\/helder-240x300.jpg 240w\" sizes=\"(max-width: 800px) 100vw, 800px\" \/>\t\t\t\t\t\t<\/figure>\n\t\t\t\t\t<\/div>\n\t\t\t\t\t\t\n\t\t\t\t\t<div class=\"lqd-tm-details d-flex lqd-overlay align-items-end\">\n\t\t\t\t\t\t<div class=\"lqd-tm-details-inner d-flex align-items-end justify-content-between w-100 p-5\">\n\t\t\t\t\t\t\t<div class=\"d-flex text-vertical align-items-center\">\n\t\t\t\t\t\t\t\t<h3 class=\"mt-0 mb-2\">H\u00e9lder Alves<\/h3>\n\t\t\t\t\t\t\t\t<h6 class=\"mt-0 mb-0\">CEO<\/h6>\n\t\t\t\t\t\t\t<\/div>\n\t\t\t\t\t\t\t<div class=\"lqd-tm-details-icon ms-auto\">\n\t\t\t\t\t\t\t\t<i class=\"lqd-icn-ess icon-md-arrow-forward\"><\/i>\n\t\t\t\t\t\t\t<\/div>\n\t\t\t\t\t\t<\/div>\n\t\t\t\t\t<\/div>\n\t\t\t\t\t\t\t\t\t\t\t<a href=\"#\" target=\"_blank\" rel=\"nofollow\" class=\"lqd-overlay\"><\/a>\n\t\t\t\t\t\t\t\t\t\n\t\t<\/div>\n\n\t\t\t\t\t\t<\/div>\n\t\t\t\t<\/div>\n\t\t\t\t\t<\/div>\n\t\t<\/div>\n\t\t\t\t<div class=\"elementor-column elementor-col-33 elementor-inner-column elementor-element elementor-element-6709e22b\" data-id=\"6709e22b\" data-element_type=\"column\">\n\t\t\t<div class=\"elementor-widget-wrap elementor-element-populated\">\n\t\t\t\t\t\t<div class=\"elementor-element elementor-element-3e223704 elementor-widget elementor-widget-ld_team_member\" data-id=\"3e223704\" data-element_type=\"widget\" data-widget_type=\"ld_team_member.default\">\n\t\t\t\t<div class=\"elementor-widget-container\">\n\t\t\t\t\t\n\t\t<div class=\"lqd-tm pos-rel lqd-tm-style-6 overflow-hidden\">\n\n\t\t\t\t\t\t\t\t<div class=\"lqd-tm-img pos-rel\">\n\t\t\t\t\t\t<figure>\n\t\t\t\t\t\t\t<img decoding=\"async\" width=\"800\" height=\"1000\" src=\"https:\/\/www.clinicalvor.pt\/wp-content\/uploads\/2024\/07\/dra-sofia.jpg\" class=\"w-100\" alt=\"Dr. Sofia Franc\u00eas\" srcset=\"https:\/\/www.clinicalvor.pt\/wp-content\/uploads\/2024\/07\/dra-sofia.jpg 800w, https:\/\/www.clinicalvor.pt\/wp-content\/uploads\/2024\/07\/dra-sofia-240x300.jpg 240w\" sizes=\"(max-width: 800px) 100vw, 800px\" \/>\t\t\t\t\t\t<\/figure>\n\t\t\t\t\t<\/div>\n\t\t\t\t\t\t\n\t\t\t\t\t<div class=\"lqd-tm-details d-flex lqd-overlay align-items-end\">\n\t\t\t\t\t\t<div class=\"lqd-tm-details-inner d-flex align-items-end justify-content-between w-100 p-5\">\n\t\t\t\t\t\t\t<div class=\"d-flex text-vertical align-items-center\">\n\t\t\t\t\t\t\t\t<h3 class=\"mt-0 mb-2\">Dr. Sofia Franc\u00eas<\/h3>\n\t\t\t\t\t\t\t\t<h6 class=\"mt-0 mb-0\">Dental practitioner<\/h6>\n\t\t\t\t\t\t\t<\/div>\n\t\t\t\t\t\t\t<div class=\"lqd-tm-details-icon ms-auto\">\n\t\t\t\t\t\t\t\t<i class=\"lqd-icn-ess icon-md-arrow-forward\"><\/i>\n\t\t\t\t\t\t\t<\/div>\n\t\t\t\t\t\t<\/div>\n\t\t\t\t\t<\/div>\n\t\t\t\t\t\t\t\t\t\t\t<a href=\"#\" target=\"_blank\" rel=\"nofollow\" class=\"lqd-overlay\"><\/a>\n\t\t\t\t\t\t\t\t\t\n\t\t<\/div>\n\n\t\t\t\t\t\t<\/div>\n\t\t\t\t<\/div>\n\t\t\t\t\t<\/div>\n\t\t<\/div>\n\t\t\t\t\t<\/div>\n\t\t<\/section>\n\t\t\t\t<section class=\"elementor-section elementor-inner-section elementor-element elementor-element-a89ed31 elementor-section-boxed elementor-section-height-default elementor-section-height-default\" data-id=\"a89ed31\" data-element_type=\"section\">\n\t\t\t\t\t\t<div class=\"elementor-container elementor-column-gap-default\">\n\t\t\t\t\t<div class=\"elementor-column elementor-col-33 elementor-inner-column elementor-element elementor-element-25d98a4\" data-id=\"25d98a4\" data-element_type=\"column\">\n\t\t\t<div class=\"elementor-widget-wrap elementor-element-populated\">\n\t\t\t\t\t\t<div class=\"elementor-element elementor-element-348ab38 elementor-widget elementor-widget-ld_team_member\" data-id=\"348ab38\" data-element_type=\"widget\" data-widget_type=\"ld_team_member.default\">\n\t\t\t\t<div class=\"elementor-widget-container\">\n\t\t\t\t\t\n\t\t<div class=\"lqd-tm pos-rel lqd-tm-style-6 overflow-hidden\">\n\n\t\t\t\t\t\t\t\t<div class=\"lqd-tm-img pos-rel\">\n\t\t\t\t\t\t<figure>\n\t\t\t\t\t\t\t<img loading=\"lazy\" decoding=\"async\" width=\"800\" height=\"1000\" src=\"https:\/\/www.clinicalvor.pt\/wp-content\/uploads\/2024\/07\/dra-vanessa.jpg\" class=\"w-100\" alt=\"Dr. Vanessa Silvestre\" srcset=\"https:\/\/www.clinicalvor.pt\/wp-content\/uploads\/2024\/07\/dra-vanessa.jpg 800w, https:\/\/www.clinicalvor.pt\/wp-content\/uploads\/2024\/07\/dra-vanessa-240x300.jpg 240w\" sizes=\"(max-width: 800px) 100vw, 800px\" \/>\t\t\t\t\t\t<\/figure>\n\t\t\t\t\t<\/div>\n\t\t\t\t\t\t\n\t\t\t\t\t<div class=\"lqd-tm-details d-flex lqd-overlay align-items-end\">\n\t\t\t\t\t\t<div class=\"lqd-tm-details-inner d-flex align-items-end justify-content-between w-100 p-5\">\n\t\t\t\t\t\t\t<div class=\"d-flex text-vertical align-items-center\">\n\t\t\t\t\t\t\t\t<h3 class=\"mt-0 mb-2\">Dr. Vanessa Silvestre<\/h3>\n\t\t\t\t\t\t\t\t<h6 class=\"mt-0 mb-0\">Dental practitioner<\/h6>\n\t\t\t\t\t\t\t<\/div>\n\t\t\t\t\t\t\t<div class=\"lqd-tm-details-icon ms-auto\">\n\t\t\t\t\t\t\t\t<i class=\"lqd-icn-ess icon-md-arrow-forward\"><\/i>\n\t\t\t\t\t\t\t<\/div>\n\t\t\t\t\t\t<\/div>\n\t\t\t\t\t<\/div>\n\t\t\t\t\t\t\t\t\t\t\t<a href=\"#\" target=\"_blank\" rel=\"nofollow\" class=\"lqd-overlay\"><\/a>\n\t\t\t\t\t\t\t\t\t\n\t\t<\/div>\n\n\t\t\t\t\t\t<\/div>\n\t\t\t\t<\/div>\n\t\t\t\t\t<\/div>\n\t\t<\/div>\n\t\t\t\t<div class=\"elementor-column elementor-col-33 elementor-inner-column elementor-element elementor-element-b39d002\" data-id=\"b39d002\" data-element_type=\"column\">\n\t\t\t<div class=\"elementor-widget-wrap elementor-element-populated\">\n\t\t\t\t\t\t<div class=\"elementor-element elementor-element-e61724d elementor-widget elementor-widget-ld_team_member\" data-id=\"e61724d\" data-element_type=\"widget\" data-widget_type=\"ld_team_member.default\">\n\t\t\t\t<div class=\"elementor-widget-container\">\n\t\t\t\t\t\n\t\t<div class=\"lqd-tm pos-rel lqd-tm-style-6 overflow-hidden\">\n\n\t\t\t\t\t\t\t\t<div class=\"lqd-tm-img pos-rel\">\n\t\t\t\t\t\t<figure>\n\t\t\t\t\t\t\t<img loading=\"lazy\" decoding=\"async\" width=\"800\" height=\"1000\" src=\"https:\/\/www.clinicalvor.pt\/wp-content\/uploads\/2024\/07\/dr.-rui-ferreira.jpg\" class=\"w-100\" alt=\"Dr. In\u00eas Mocho\" srcset=\"https:\/\/www.clinicalvor.pt\/wp-content\/uploads\/2024\/07\/dr.-rui-ferreira.jpg 800w, https:\/\/www.clinicalvor.pt\/wp-content\/uploads\/2024\/07\/dr.-rui-ferreira-240x300.jpg 240w\" sizes=\"(max-width: 800px) 100vw, 800px\" \/>\t\t\t\t\t\t<\/figure>\n\t\t\t\t\t<\/div>\n\t\t\t\t\t\t\n\t\t\t\t\t<div class=\"lqd-tm-details d-flex lqd-overlay align-items-end\">\n\t\t\t\t\t\t<div class=\"lqd-tm-details-inner d-flex align-items-end justify-content-between w-100 p-5\">\n\t\t\t\t\t\t\t<div class=\"d-flex text-vertical align-items-center\">\n\t\t\t\t\t\t\t\t<h3 class=\"mt-0 mb-2\">Dr. In\u00eas Mocho<\/h3>\n\t\t\t\t\t\t\t\t<h6 class=\"mt-0 mb-0\">Dental practitioner<\/h6>\n\t\t\t\t\t\t\t<\/div>\n\t\t\t\t\t\t\t<div class=\"lqd-tm-details-icon ms-auto\">\n\t\t\t\t\t\t\t\t<i class=\"lqd-icn-ess icon-md-arrow-forward\"><\/i>\n\t\t\t\t\t\t\t<\/div>\n\t\t\t\t\t\t<\/div>\n\t\t\t\t\t<\/div>\n\t\t\t\t\t\t\t\t\t\t\t<a href=\"#\" target=\"_blank\" rel=\"nofollow\" class=\"lqd-overlay\"><\/a>\n\t\t\t\t\t\t\t\t\t\n\t\t<\/div>\n\n\t\t\t\t\t\t<\/div>\n\t\t\t\t<\/div>\n\t\t\t\t\t<\/div>\n\t\t<\/div>\n\t\t\t\t<div class=\"elementor-column elementor-col-33 elementor-inner-column elementor-element elementor-element-3e3b67f\" data-id=\"3e3b67f\" data-element_type=\"column\">\n\t\t\t<div class=\"elementor-widget-wrap elementor-element-populated\">\n\t\t\t\t\t\t<div class=\"elementor-element elementor-element-9d9a9d6 elementor-widget elementor-widget-ld_team_member\" data-id=\"9d9a9d6\" data-element_type=\"widget\" data-widget_type=\"ld_team_member.default\">\n\t\t\t\t<div class=\"elementor-widget-container\">\n\t\t\t\t\t\n\t\t<div class=\"lqd-tm pos-rel lqd-tm-style-6 overflow-hidden\">\n\n\t\t\t\t\t\t\t\t<div class=\"lqd-tm-img pos-rel\">\n\t\t\t\t\t\t<figure>\n\t\t\t\t\t\t\t<img loading=\"lazy\" decoding=\"async\" width=\"800\" height=\"1000\" src=\"https:\/\/www.clinicalvor.pt\/wp-content\/uploads\/2025\/03\/dr-manuel-joao-alveirinho-1.jpg\" class=\"w-100\" alt=\"Dr. Manuel Alveirinho\" srcset=\"https:\/\/www.clinicalvor.pt\/wp-content\/uploads\/2025\/03\/dr-manuel-joao-alveirinho-1.jpg 800w, https:\/\/www.clinicalvor.pt\/wp-content\/uploads\/2025\/03\/dr-manuel-joao-alveirinho-1-240x300.jpg 240w\" sizes=\"(max-width: 800px) 100vw, 800px\" \/>\t\t\t\t\t\t<\/figure>\n\t\t\t\t\t<\/div>\n\t\t\t\t\t\t\n\t\t\t\t\t<div class=\"lqd-tm-details d-flex lqd-overlay align-items-end\">\n\t\t\t\t\t\t<div class=\"lqd-tm-details-inner d-flex align-items-end justify-content-between w-100 p-5\">\n\t\t\t\t\t\t\t<div class=\"d-flex text-vertical align-items-center\">\n\t\t\t\t\t\t\t\t<h3 class=\"mt-0 mb-2\">Dr. Manuel Alveirinho<\/h3>\n\t\t\t\t\t\t\t\t<h6 class=\"mt-0 mb-0\">Aesthetic Medicine<\/h6>\n\t\t\t\t\t\t\t<\/div>\n\t\t\t\t\t\t\t<div class=\"lqd-tm-details-icon ms-auto\">\n\t\t\t\t\t\t\t\t<i class=\"lqd-icn-ess icon-md-arrow-forward\"><\/i>\n\t\t\t\t\t\t\t<\/div>\n\t\t\t\t\t\t<\/div>\n\t\t\t\t\t<\/div>\n\t\t\t\t\t\t\t\t\t\t\t<a href=\"#\" target=\"_blank\" rel=\"nofollow\" class=\"lqd-overlay\"><\/a>\n\t\t\t\t\t\t\t\t\t\n\t\t<\/div>\n\n\t\t\t\t\t\t<\/div>\n\t\t\t\t<\/div>\n\t\t\t\t\t<\/div>\n\t\t<\/div>\n\t\t\t\t\t<\/div>\n\t\t<\/section>\n\t\t\t\t<section class=\"elementor-section elementor-inner-section elementor-element elementor-element-03c25e7 elementor-section-boxed elementor-section-height-default elementor-section-height-default\" data-id=\"03c25e7\" data-element_type=\"section\">\n\t\t\t\t\t\t<div class=\"elementor-container elementor-column-gap-default\">\n\t\t\t\t\t<div class=\"elementor-column elementor-col-33 elementor-inner-column elementor-element elementor-element-f8b3637\" data-id=\"f8b3637\" data-element_type=\"column\">\n\t\t\t<div class=\"elementor-widget-wrap elementor-element-populated\">\n\t\t\t\t\t\t<div class=\"elementor-element elementor-element-52bcb96 elementor-widget elementor-widget-ld_team_member\" data-id=\"52bcb96\" data-element_type=\"widget\" data-widget_type=\"ld_team_member.default\">\n\t\t\t\t<div class=\"elementor-widget-container\">\n\t\t\t\t\t\n\t\t<div class=\"lqd-tm pos-rel lqd-tm-style-6 overflow-hidden\">\n\n\t\t\t\t\t\t\t\t<div class=\"lqd-tm-img pos-rel\">\n\t\t\t\t\t\t<figure>\n\t\t\t\t\t\t\t<img loading=\"lazy\" decoding=\"async\" width=\"800\" height=\"999\" src=\"https:\/\/www.clinicalvor.pt\/wp-content\/uploads\/2026\/02\/joana-ulpiano-fisioterapeuta.jpg\" class=\"w-100\" alt=\"Joana Ulpiano\" srcset=\"https:\/\/www.clinicalvor.pt\/wp-content\/uploads\/2026\/02\/joana-ulpiano-fisioterapeuta.jpg 800w, https:\/\/www.clinicalvor.pt\/wp-content\/uploads\/2026\/02\/joana-ulpiano-fisioterapeuta-240x300.jpg 240w\" sizes=\"(max-width: 800px) 100vw, 800px\" \/>\t\t\t\t\t\t<\/figure>\n\t\t\t\t\t<\/div>\n\t\t\t\t\t\t\n\t\t\t\t\t<div class=\"lqd-tm-details d-flex lqd-overlay align-items-end\">\n\t\t\t\t\t\t<div class=\"lqd-tm-details-inner d-flex align-items-end justify-content-between w-100 p-5\">\n\t\t\t\t\t\t\t<div class=\"d-flex text-vertical align-items-center\">\n\t\t\t\t\t\t\t\t<h3 class=\"mt-0 mb-2\">Joana Ulpiano<\/h3>\n\t\t\t\t\t\t\t\t<h6 class=\"mt-0 mb-0\">Physiotherapist<\/h6>\n\t\t\t\t\t\t\t<\/div>\n\t\t\t\t\t\t\t<div class=\"lqd-tm-details-icon ms-auto\">\n\t\t\t\t\t\t\t\t<i class=\"lqd-icn-ess icon-md-arrow-forward\"><\/i>\n\t\t\t\t\t\t\t<\/div>\n\t\t\t\t\t\t<\/div>\n\t\t\t\t\t<\/div>\n\t\t\t\t\t\t\t\t\t\t\t<a href=\"#\" target=\"_blank\" rel=\"nofollow\" class=\"lqd-overlay\"><\/a>\n\t\t\t\t\t\t\t\t\t\n\t\t<\/div>\n\n\t\t\t\t\t\t<\/div>\n\t\t\t\t<\/div>\n\t\t\t\t\t<\/div>\n\t\t<\/div>\n\t\t\t\t<div class=\"elementor-column elementor-col-33 elementor-inner-column elementor-element elementor-element-4918d1d\" data-id=\"4918d1d\" data-element_type=\"column\">\n\t\t\t<div class=\"elementor-widget-wrap elementor-element-populated\">\n\t\t\t\t\t\t<div class=\"elementor-element elementor-element-2e888fc elementor-widget elementor-widget-ld_team_member\" data-id=\"2e888fc\" data-element_type=\"widget\" data-widget_type=\"ld_team_member.default\">\n\t\t\t\t<div class=\"elementor-widget-container\">\n\t\t\t\t\t\n\t\t<div class=\"lqd-tm pos-rel lqd-tm-style-6 overflow-hidden\">\n\n\t\t\t\t\t\t\t\t<div class=\"lqd-tm-img pos-rel\">\n\t\t\t\t\t\t<figure>\n\t\t\t\t\t\t\t<img loading=\"lazy\" decoding=\"async\" width=\"800\" height=\"1000\" src=\"https:\/\/www.clinicalvor.pt\/wp-content\/uploads\/2024\/07\/laura.jpg\" class=\"w-100\" alt=\"Laura Duarte\" srcset=\"https:\/\/www.clinicalvor.pt\/wp-content\/uploads\/2024\/07\/laura.jpg 800w, https:\/\/www.clinicalvor.pt\/wp-content\/uploads\/2024\/07\/laura-240x300.jpg 240w\" sizes=\"(max-width: 800px) 100vw, 800px\" \/>\t\t\t\t\t\t<\/figure>\n\t\t\t\t\t<\/div>\n\t\t\t\t\t\t\n\t\t\t\t\t<div class=\"lqd-tm-details d-flex lqd-overlay align-items-end\">\n\t\t\t\t\t\t<div class=\"lqd-tm-details-inner d-flex align-items-end justify-content-between w-100 p-5\">\n\t\t\t\t\t\t\t<div class=\"d-flex text-vertical align-items-center\">\n\t\t\t\t\t\t\t\t<h3 class=\"mt-0 mb-2\">Laura Duarte<\/h3>\n\t\t\t\t\t\t\t\t<h6 class=\"mt-0 mb-0\">Dental Assistant<\/h6>\n\t\t\t\t\t\t\t<\/div>\n\t\t\t\t\t\t\t<div class=\"lqd-tm-details-icon ms-auto\">\n\t\t\t\t\t\t\t\t<i class=\"lqd-icn-ess icon-md-arrow-forward\"><\/i>\n\t\t\t\t\t\t\t<\/div>\n\t\t\t\t\t\t<\/div>\n\t\t\t\t\t<\/div>\n\t\t\t\t\t\t\t\t\t\t\t<a href=\"#\" target=\"_blank\" rel=\"nofollow\" class=\"lqd-overlay\"><\/a>\n\t\t\t\t\t\t\t\t\t\n\t\t<\/div>\n\n\t\t\t\t\t\t<\/div>\n\t\t\t\t<\/div>\n\t\t\t\t\t<\/div>\n\t\t<\/div>\n\t\t\t\t<div class=\"elementor-column elementor-col-33 elementor-inner-column elementor-element elementor-element-e1eb5eb\" data-id=\"e1eb5eb\" data-element_type=\"column\">\n\t\t\t<div class=\"elementor-widget-wrap elementor-element-populated\">\n\t\t\t\t\t\t<div class=\"elementor-element elementor-element-9cf10d1 elementor-widget elementor-widget-ld_team_member\" data-id=\"9cf10d1\" data-element_type=\"widget\" data-widget_type=\"ld_team_member.default\">\n\t\t\t\t<div class=\"elementor-widget-container\">\n\t\t\t\t\t\n\t\t<div class=\"lqd-tm pos-rel lqd-tm-style-6 overflow-hidden\">\n\n\t\t\t\t\t\t\t\t<div class=\"lqd-tm-img pos-rel\">\n\t\t\t\t\t\t<figure>\n\t\t\t\t\t\t\t<img loading=\"lazy\" decoding=\"async\" width=\"800\" height=\"1000\" src=\"https:\/\/www.clinicalvor.pt\/wp-content\/uploads\/2024\/07\/vanessa-fonseca.jpg\" class=\"w-100\" alt=\"Vanessa Fonseca\" srcset=\"https:\/\/www.clinicalvor.pt\/wp-content\/uploads\/2024\/07\/vanessa-fonseca.jpg 800w, https:\/\/www.clinicalvor.pt\/wp-content\/uploads\/2024\/07\/vanessa-fonseca-240x300.jpg 240w\" sizes=\"(max-width: 800px) 100vw, 800px\" \/>\t\t\t\t\t\t<\/figure>\n\t\t\t\t\t<\/div>\n\t\t\t\t\t\t\n\t\t\t\t\t<div class=\"lqd-tm-details d-flex lqd-overlay align-items-end\">\n\t\t\t\t\t\t<div class=\"lqd-tm-details-inner d-flex align-items-end justify-content-between w-100 p-5\">\n\t\t\t\t\t\t\t<div class=\"d-flex text-vertical align-items-center\">\n\t\t\t\t\t\t\t\t<h3 class=\"mt-0 mb-2\">Vanessa Fonseca<\/h3>\n\t\t\t\t\t\t\t\t<h6 class=\"mt-0 mb-0\">Receptionist - Credit Lines<\/h6>\n\t\t\t\t\t\t\t<\/div>\n\t\t\t\t\t\t\t<div class=\"lqd-tm-details-icon ms-auto\">\n\t\t\t\t\t\t\t\t<i class=\"lqd-icn-ess icon-md-arrow-forward\"><\/i>\n\t\t\t\t\t\t\t<\/div>\n\t\t\t\t\t\t<\/div>\n\t\t\t\t\t<\/div>\n\t\t\t\t\t\t\t\t\t\t\t<a href=\"#\" target=\"_blank\" rel=\"nofollow\" class=\"lqd-overlay\"><\/a>\n\t\t\t\t\t\t\t\t\t\n\t\t<\/div>\n\n\t\t\t\t\t\t<\/div>\n\t\t\t\t<\/div>\n\t\t\t\t\t<\/div>\n\t\t<\/div>\n\t\t\t\t\t<\/div>\n\t\t<\/section>\n\t\t\t\t<section class=\"elementor-section elementor-inner-section elementor-element elementor-element-b685a54 elementor-section-boxed elementor-section-height-default elementor-section-height-default\" data-id=\"b685a54\" data-element_type=\"section\">\n\t\t\t\t\t\t<div class=\"elementor-container elementor-column-gap-default\">\n\t\t\t\t\t<div class=\"elementor-column elementor-col-33 elementor-inner-column elementor-element elementor-element-bf0266f\" data-id=\"bf0266f\" data-element_type=\"column\">\n\t\t\t<div class=\"elementor-widget-wrap elementor-element-populated\">\n\t\t\t\t\t\t<div class=\"elementor-element elementor-element-3675baa elementor-widget elementor-widget-ld_team_member\" data-id=\"3675baa\" data-element_type=\"widget\" data-widget_type=\"ld_team_member.default\">\n\t\t\t\t<div class=\"elementor-widget-container\">\n\t\t\t\t\t\n\t\t<div class=\"lqd-tm pos-rel lqd-tm-style-6 overflow-hidden\">\n\n\t\t\t\t\t\t\t\t<div class=\"lqd-tm-img pos-rel\">\n\t\t\t\t\t\t<figure>\n\t\t\t\t\t\t\t<img loading=\"lazy\" decoding=\"async\" width=\"800\" height=\"1000\" src=\"https:\/\/www.clinicalvor.pt\/wp-content\/uploads\/2024\/07\/vanessa-1.jpg\" class=\"w-100\" alt=\"Vanessa Ribeiro\" srcset=\"https:\/\/www.clinicalvor.pt\/wp-content\/uploads\/2024\/07\/vanessa-1.jpg 800w, https:\/\/www.clinicalvor.pt\/wp-content\/uploads\/2024\/07\/vanessa-1-240x300.jpg 240w\" sizes=\"(max-width: 800px) 100vw, 800px\" \/>\t\t\t\t\t\t<\/figure>\n\t\t\t\t\t<\/div>\n\t\t\t\t\t\t\n\t\t\t\t\t<div class=\"lqd-tm-details d-flex lqd-overlay align-items-end\">\n\t\t\t\t\t\t<div class=\"lqd-tm-details-inner d-flex align-items-end justify-content-between w-100 p-5\">\n\t\t\t\t\t\t\t<div class=\"d-flex text-vertical align-items-center\">\n\t\t\t\t\t\t\t\t<h3 class=\"mt-0 mb-2\">Vanessa Ribeiro<\/h3>\n\t\t\t\t\t\t\t\t<h6 class=\"mt-0 mb-0\">Receptionist - Credit Lines<\/h6>\n\t\t\t\t\t\t\t<\/div>\n\t\t\t\t\t\t\t<div class=\"lqd-tm-details-icon ms-auto\">\n\t\t\t\t\t\t\t\t<i class=\"lqd-icn-ess icon-md-arrow-forward\"><\/i>\n\t\t\t\t\t\t\t<\/div>\n\t\t\t\t\t\t<\/div>\n\t\t\t\t\t<\/div>\n\t\t\t\t\t\t\t\t\t\t\t<a href=\"#\" target=\"_blank\" rel=\"nofollow\" class=\"lqd-overlay\"><\/a>\n\t\t\t\t\t\t\t\t\t\n\t\t<\/div>\n\n\t\t\t\t\t\t<\/div>\n\t\t\t\t<\/div>\n\t\t\t\t\t<\/div>\n\t\t<\/div>\n\t\t\t\t<div class=\"elementor-column elementor-col-33 elementor-inner-column elementor-element elementor-element-d9e7b63\" data-id=\"d9e7b63\" data-element_type=\"column\">\n\t\t\t<div class=\"elementor-widget-wrap\">\n\t\t\t\t\t\t\t<\/div>\n\t\t<\/div>\n\t\t\t\t<div class=\"elementor-column elementor-col-33 elementor-inner-column elementor-element elementor-element-6e34f51\" data-id=\"6e34f51\" data-element_type=\"column\">\n\t\t\t<div class=\"elementor-widget-wrap\">\n\t\t\t\t\t\t\t<\/div>\n\t\t<\/div>\n\t\t\t\t\t<\/div>\n\t\t<\/section>\n\t\t\t\t\t<\/div>\n\t\t<\/div>\n\t\t\t\t\t<\/div>\n\t\t<\/section>\n\t\t\t\t<\/div>\n\t\t","protected":false},"excerpt":{"rendered":"<p>Clinicalvor&#8217;s professionals &#8211; meet the team Dr. Paloma Rios Dir. Clinic H\u00e9lder Alves CEO Dr. Sofia Franc\u00eas Dental practitioner Dr. Vanessa Silvestre Dental practitioner Dr. In\u00eas Mocho Dental practitioner Dr. Manuel Alveirinho Aesthetic Medicine Joana Ulpiano Physiotherapist Laura Duarte Dental Assistant Vanessa Fonseca Receptionist &#8211; Credit Lines Vanessa Ribeiro Receptionist &#8211; Credit Lines<\/p>\n","protected":false},"author":1,"featured_media":0,"parent":0,"menu_order":0,"comment_status":"closed","ping_status":"closed","template":"","meta":{"_seopress_robots_primary_cat":"","footnotes":""},"class_list":["post-10287","page","type-page","status-publish","hentry"],"_links":{"self":[{"href":"https:\/\/www.clinicalvor.pt\/en\/wp-json\/wp\/v2\/pages\/10287","targetHints":{"allow":["GET"]}}],"collection":[{"href":"https:\/\/www.clinicalvor.pt\/en\/wp-json\/wp\/v2\/pages"}],"about":[{"href":"https:\/\/www.clinicalvor.pt\/en\/wp-json\/wp\/v2\/types\/page"}],"author":[{"embeddable":true,"href":"https:\/\/www.clinicalvor.pt\/en\/wp-json\/wp\/v2\/users\/1"}],"replies":[{"embeddable":true,"href":"https:\/\/www.clinicalvor.pt\/en\/wp-json\/wp\/v2\/comments?post=10287"}],"version-history":[{"count":6,"href":"https:\/\/www.clinicalvor.pt\/en\/wp-json\/wp\/v2\/pages\/10287\/revisions"}],"predecessor-version":[{"id":45280,"href":"https:\/\/www.clinicalvor.pt\/en\/wp-json\/wp\/v2\/pages\/10287\/revisions\/45280"}],"wp:attachment":[{"href":"https:\/\/www.clinicalvor.pt\/en\/wp-json\/wp\/v2\/media?parent=10287"}],"curies":[{"name":"wp","href":"https:\/\/api.w.org\/{rel}","templated":true}]}}